{"id":103,"date":"2021-04-20T16:03:52","date_gmt":"2021-04-20T14:03:52","guid":{"rendered":"http:\/\/jeffrey-prod.fr\/?page_id=103"},"modified":"2021-04-20T16:41:01","modified_gmt":"2021-04-20T14:41:01","slug":"enseigne-signaletique","status":"publish","type":"page","link":"http:\/\/jeffrey-prod.fr\/?page_id=103","title":{"rendered":"Enseigne &#8211; signal\u00e9tique"},"content":{"rendered":"\n<p>De l\u2019enseigne \u00e0 la signal\u00e9tique, du b\u00e2timent \u00e0 la boutique, ou tout autre espace d\u2019accueil, nous g\u00e9rons aussi les d\u00e9marches administratives, les \u00e9tudes et autres notes de calcul en plus de la r\u00e9alisation et de l&rsquo;installation.<\/p>\n","protected":false},"excerpt":{"rendered":"<p>De l\u2019enseigne \u00e0 la signal\u00e9tique, du b\u00e2timent \u00e0 la boutique, ou tout autre espace d\u2019accueil, nous g\u00e9rons aussi les d\u00e9marches administratives, les \u00e9tudes et autres notes de calcul en plus de la r\u00e9alisation et de l&rsquo;installation.<\/p>\n","protected":false},"author":1,"featured_media":0,"parent":0,"menu_order":0,"comment_status":"closed","ping_status":"closed","template":"","meta":[],"_links":{"self":[{"href":"http:\/\/jeffrey-prod.fr\/index.php?rest_route=\/wp\/v2\/pages\/103"}],"collection":[{"href":"http:\/\/jeffrey-prod.fr\/index.php?rest_route=\/wp\/v2\/pages"}],"about":[{"href":"http:\/\/jeffrey-prod.fr\/index.php?rest_route=\/wp\/v2\/types\/page"}],"author":[{"embeddable":true,"href":"http:\/\/jeffrey-prod.fr\/index.php?rest_route=\/wp\/v2\/users\/1"}],"replies":[{"embeddable":true,"href":"http:\/\/jeffrey-prod.fr\/index.php?rest_route=%2Fwp%2Fv2%2Fcomments&post=103"}],"version-history":[{"count":3,"href":"http:\/\/jeffrey-prod.fr\/index.php?rest_route=\/wp\/v2\/pages\/103\/revisions"}],"predecessor-version":[{"id":129,"href":"http:\/\/jeffrey-prod.fr\/index.php?rest_route=\/wp\/v2\/pages\/103\/revisions\/129"}],"wp:attachment":[{"href":"http:\/\/jeffrey-prod.fr\/index.php?rest_route=%2Fwp%2Fv2%2Fmedia&parent=103"}],"curies":[{"name":"wp","href":"https:\/\/api.w.org\/{rel}","templated":true}]}}