{"id":118,"date":"2021-04-20T16:29:24","date_gmt":"2021-04-20T14:29:24","guid":{"rendered":"http:\/\/jeffrey-prod.fr\/?page_id=118"},"modified":"2021-04-20T16:35:28","modified_gmt":"2021-04-20T14:35:28","slug":"bienvenue","status":"publish","type":"page","link":"http:\/\/jeffrey-prod.fr\/","title":{"rendered":"Bienvenue !"},"content":{"rendered":"\n<p>Que vous ayez besoin d\u2019un simple appui pour l\u2019ex\u00e9cution de vos fichiers HD ou de d\u00e9l\u00e9guer le pilotage de vos r\u00e9alisations print ou sc\u00e9nographiques, nous vous accompagnons \u00e0 chaque \u00e9tape de votre projet et vous proposons un service sur-mesure adapt\u00e9, \u00e0 tous moments du jour et de la nuit.<\/p>\n\n\n\n<p>Et pour vous satisfaire, chez Jeffrey, nous sommes entour\u00e9s de talents, de v\u00e9ritables sp\u00e9cialistes dans leur domaine :<\/p>\n\n\n\n<p>Ex\u00e9cution, retouche et photo-montage, impression offset, num\u00e9rique grand format et monumental, enseigne-signal\u00e9tique, d\u00e9corateurs, poseurs\u2026&nbsp;<\/p>\n\n\n\n<p><strong>N\u2019h\u00e9sitez plus, appelez\u2026 Jeffrey\u00a0!<\/strong><\/p>\n","protected":false},"excerpt":{"rendered":"<p>Que vous ayez besoin d\u2019un simple appui pour l\u2019ex\u00e9cution de vos fichiers HD ou de d\u00e9l\u00e9guer le pilotage de vos r\u00e9alisations print ou sc\u00e9nographiques, nous vous accompagnons \u00e0 chaque \u00e9tape de votre projet et vous proposons un service sur-mesure adapt\u00e9, \u00e0 tous moments du jour et de la nuit. Et pour vous satisfaire, chez Jeffrey, nous sommes entour\u00e9s de talents, de v\u00e9ritables sp\u00e9cialistes dans leur domaine : Ex\u00e9cution, retouche et photo-montage, impression offset, num\u00e9rique grand format et monumental, enseigne-signal\u00e9tique, d\u00e9corateurs, poseurs\u2026&nbsp; N\u2019h\u00e9sitez plus, appelez\u2026 Jeffrey\u00a0!<\/p>\n","protected":false},"author":1,"featured_media":0,"parent":0,"menu_order":0,"comment_status":"closed","ping_status":"closed","template":"","meta":[],"_links":{"self":[{"href":"http:\/\/jeffrey-prod.fr\/index.php?rest_route=\/wp\/v2\/pages\/118"}],"collection":[{"href":"http:\/\/jeffrey-prod.fr\/index.php?rest_route=\/wp\/v2\/pages"}],"about":[{"href":"http:\/\/jeffrey-prod.fr\/index.php?rest_route=\/wp\/v2\/types\/page"}],"author":[{"embeddable":true,"href":"http:\/\/jeffrey-prod.fr\/index.php?rest_route=\/wp\/v2\/users\/1"}],"replies":[{"embeddable":true,"href":"http:\/\/jeffrey-prod.fr\/index.php?rest_route=%2Fwp%2Fv2%2Fcomments&post=118"}],"version-history":[{"count":3,"href":"http:\/\/jeffrey-prod.fr\/index.php?rest_route=\/wp\/v2\/pages\/118\/revisions"}],"predecessor-version":[{"id":124,"href":"http:\/\/jeffrey-prod.fr\/index.php?rest_route=\/wp\/v2\/pages\/118\/revisions\/124"}],"wp:attachment":[{"href":"http:\/\/jeffrey-prod.fr\/index.php?rest_route=%2Fwp%2Fv2%2Fmedia&parent=118"}],"curies":[{"name":"wp","href":"https:\/\/api.w.org\/{rel}","templated":true}]}}