{"id":64,"date":"2021-04-19T17:13:25","date_gmt":"2021-04-19T15:13:25","guid":{"rendered":"http:\/\/jeffrey-prod.fr\/?page_id=64"},"modified":"2021-04-20T16:37:40","modified_gmt":"2021-04-20T14:37:40","slug":"etude-conseil-sourcing","status":"publish","type":"page","link":"http:\/\/jeffrey-prod.fr\/?page_id=64","title":{"rendered":"Etude, conseil, sourcing\u2026"},"content":{"rendered":"\n<p class=\"has-text-align-left\">Du papier issu de la gestion durable des for\u00eats (PEFC, FSC) au papier recycl\u00e9, de la b\u00e2che sans phtalates \u00e0 la b\u00e2che sans PVC, du led au n\u00e9on, du bois au carton\u2026 Nous nous ferons un plaisir d\u2019\u00e9tudier, de vous conseiller des mati\u00e8res, des mat\u00e9riaux et des solutions responsables pour l\u2019environnement. <br>Ou tout simplement de r\u00e9pondre \u00e0 vos attentes du moment.<\/p>\n","protected":false},"excerpt":{"rendered":"<p>Du papier issu de la gestion durable des for\u00eats (PEFC, FSC) au papier recycl\u00e9, de la b\u00e2che sans phtalates \u00e0 la b\u00e2che sans PVC, du led au n\u00e9on, du bois au carton\u2026 Nous nous ferons un plaisir d\u2019\u00e9tudier, de vous conseiller des mati\u00e8res, des mat\u00e9riaux et des solutions responsables pour l\u2019environnement. Ou tout simplement de r\u00e9pondre \u00e0 vos attentes du moment.<\/p>\n","protected":false},"author":1,"featured_media":0,"parent":0,"menu_order":0,"comment_status":"closed","ping_status":"closed","template":"","meta":[],"_links":{"self":[{"href":"http:\/\/jeffrey-prod.fr\/index.php?rest_route=\/wp\/v2\/pages\/64"}],"collection":[{"href":"http:\/\/jeffrey-prod.fr\/index.php?rest_route=\/wp\/v2\/pages"}],"about":[{"href":"http:\/\/jeffrey-prod.fr\/index.php?rest_route=\/wp\/v2\/types\/page"}],"author":[{"embeddable":true,"href":"http:\/\/jeffrey-prod.fr\/index.php?rest_route=\/wp\/v2\/users\/1"}],"replies":[{"embeddable":true,"href":"http:\/\/jeffrey-prod.fr\/index.php?rest_route=%2Fwp%2Fv2%2Fcomments&post=64"}],"version-history":[{"count":3,"href":"http:\/\/jeffrey-prod.fr\/index.php?rest_route=\/wp\/v2\/pages\/64\/revisions"}],"predecessor-version":[{"id":125,"href":"http:\/\/jeffrey-prod.fr\/index.php?rest_route=\/wp\/v2\/pages\/64\/revisions\/125"}],"wp:attachment":[{"href":"http:\/\/jeffrey-prod.fr\/index.php?rest_route=%2Fwp%2Fv2%2Fmedia&parent=64"}],"curies":[{"name":"wp","href":"https:\/\/api.w.org\/{rel}","templated":true}]}}