{"id":70,"date":"2021-04-19T17:28:35","date_gmt":"2021-04-19T15:28:35","guid":{"rendered":"http:\/\/jeffrey-prod.fr\/?page_id=70"},"modified":"2021-04-20T16:01:48","modified_gmt":"2021-04-20T14:01:48","slug":"scenographie","status":"publish","type":"page","link":"http:\/\/jeffrey-prod.fr\/?page_id=70","title":{"rendered":"Sc\u00e9nographie\u2026"},"content":{"rendered":"\n<p>Dot\u00e9s d\u2019une solide exp\u00e9rience en production sc\u00e9nographique, nous vous accompagnons dans la gestion de vos projets d\u2019habillage : stand de salon , boutique, vitrine, b\u00e2timent ou chantier.<\/p>\n\n\n\n<p>D\u00e9cor \u00e9ph\u00e9m\u00e8re ou p\u00e9renne, adh\u00e9sivage de fa\u00e7ade vitr\u00e9e, entoilage d\u2019\u00e9chafaudage ou de palissade, nous assurons le pilotage du prototype \u00e0 la production, jusqu\u2019\u00e0 l\u2019installation.&nbsp;<\/p>\n\n\n\n<p>Et si vous le souhaitez, nous pouvons r\u00e9aliser vos reportages photos en de fin de projet.<\/p>\n\n\n\n<p><\/p>\n","protected":false},"excerpt":{"rendered":"<p>Dot\u00e9s d\u2019une solide exp\u00e9rience en production sc\u00e9nographique, nous vous accompagnons dans la gestion de vos projets d\u2019habillage : stand de salon , boutique, vitrine, b\u00e2timent ou chantier. D\u00e9cor \u00e9ph\u00e9m\u00e8re ou p\u00e9renne, adh\u00e9sivage de fa\u00e7ade vitr\u00e9e, entoilage d\u2019\u00e9chafaudage ou de palissade, nous assurons le pilotage du prototype \u00e0 la production, jusqu\u2019\u00e0 l\u2019installation.&nbsp; Et si vous le souhaitez, nous pouvons r\u00e9aliser vos reportages photos en de fin de projet.<\/p>\n","protected":false},"author":1,"featured_media":0,"parent":0,"menu_order":0,"comment_status":"closed","ping_status":"closed","template":"","meta":[],"_links":{"self":[{"href":"http:\/\/jeffrey-prod.fr\/index.php?rest_route=\/wp\/v2\/pages\/70"}],"collection":[{"href":"http:\/\/jeffrey-prod.fr\/index.php?rest_route=\/wp\/v2\/pages"}],"about":[{"href":"http:\/\/jeffrey-prod.fr\/index.php?rest_route=\/wp\/v2\/types\/page"}],"author":[{"embeddable":true,"href":"http:\/\/jeffrey-prod.fr\/index.php?rest_route=\/wp\/v2\/users\/1"}],"replies":[{"embeddable":true,"href":"http:\/\/jeffrey-prod.fr\/index.php?rest_route=%2Fwp%2Fv2%2Fcomments&post=70"}],"version-history":[{"count":5,"href":"http:\/\/jeffrey-prod.fr\/index.php?rest_route=\/wp\/v2\/pages\/70\/revisions"}],"predecessor-version":[{"id":101,"href":"http:\/\/jeffrey-prod.fr\/index.php?rest_route=\/wp\/v2\/pages\/70\/revisions\/101"}],"wp:attachment":[{"href":"http:\/\/jeffrey-prod.fr\/index.php?rest_route=%2Fwp%2Fv2%2Fmedia&parent=70"}],"curies":[{"name":"wp","href":"https:\/\/api.w.org\/{rel}","templated":true}]}}